{"id":3665,"date":"2024-05-15T10:34:54","date_gmt":"2024-05-15T08:34:54","guid":{"rendered":"https:\/\/appartamentigiada.it\/privacy-policy-3-copy\/"},"modified":"2024-05-15T10:39:10","modified_gmt":"2024-05-15T08:39:10","slug":"privacy-policy","status":"publish","type":"page","link":"https:\/\/www.appartamentigiada.it\/de\/privacy-policy\/","title":{"rendered":"Privacy Policy"},"content":{"rendered":"\r\n<p><strong>Wer wir sind<\/strong><\/p>\r\n<p>Unsere Website-Adresse lautet: <a href=\"https:\/\/appartamentigiada.it\/\" target=\"_new\" rel=\"noreferrer noopener\">http:\/\/new.appartamentigiada.it<\/a>.<\/p>\r\n<p><strong>Kommentare<\/strong><\/p>\r\n<p>Wenn Besucher Kommentare auf der Website hinterlassen, sammeln wir die Daten, die im Kommentarformular angezeigt werden, sowie die IP-Adresse des Besuchers und die Browser-Benutzer-Agent-String, um Spam zu helfen erkennen.<\/p>\r\n<p>Eine anonymisierte Zeichenfolge, die aus Ihrer E-Mail-Adresse erstellt wurde (auch Hash genannt), kann dem Gravatar-Dienst zur Verf\u00fcgung gestellt werden, um zu sehen, ob Sie ihn verwenden. Die Datenschutzrichtlinie des Gravatar-Dienstes ist hier verf\u00fcgbar: <a href=\"https:\/\/automattic.com\/privacy\/\" target=\"_new\" rel=\"noreferrer noopener\">https:\/\/automattic.com\/privacy\/<\/a>. Nach Genehmigung Ihres Kommentars ist Ihr Profilbild \u00f6ffentlich im Kontext Ihres Kommentars sichtbar.<\/p>\r\n<p><strong>Medien<\/strong><\/p>\r\n<p>Wenn Sie Bilder auf die Website hochladen, sollten Sie das Hochladen von Bildern vermeiden, die Standortdaten enthalten (EXIF GPS). Website-Besucher k\u00f6nnen alle Standortdaten aus Bildern auf der Website herunterladen und extrahieren.<\/p>\r\n<p><strong>Cookies<\/strong><\/p>\r\n<p>Wenn Sie einen Kommentar auf unserer Website hinterlassen, k\u00f6nnen Sie sich entscheiden, Ihren Namen, Ihre E-Mail-Adresse und Ihre Website in Cookies zu speichern. Diese dienen Ihrer Bequemlichkeit, damit Sie Ihre Daten nicht erneut eingeben m\u00fcssen, wenn Sie einen weiteren Kommentar hinterlassen. Diese Cookies halten ein Jahr lang.<\/p>\r\n<p>Wenn Sie sich auf der Login-Seite anmelden, wird ein tempor\u00e4res Cookie gesetzt, um festzustellen, ob Ihr Browser Cookies akzeptiert. Dieses Cookie enth\u00e4lt keine personenbezogenen Daten und wird verworfen, wenn Sie Ihren Browser schlie\u00dfen.<\/p>\r\n<p>Wenn Sie sich anmelden, werden verschiedene Cookies gesetzt, um Ihre Anmeldeinformationen und Ihre Bildschirmoptionen zu speichern. Anmelde-Cookies dauern zwei Tage und Bildschirmoptionen-Cookies dauern ein Jahr. Wenn Sie &#8222;Angemeldet bleiben&#8220; ausw\u00e4hlen, bleibt Ihre Anmeldung zwei Wochen lang bestehen. Wenn Sie sich aus Ihrem Konto abmelden, werden die Anmelde-Cookies entfernt.<\/p>\r\n<p>Wenn Sie einen Artikel bearbeiten oder ver\u00f6ffentlichen, wird ein zus\u00e4tzliches Cookie in Ihrem Browser gespeichert. Dieses Cookie enth\u00e4lt keine personenbezogenen Daten, sondern zeigt einfach die ID des bearbeiteten Artikels an. Es l\u00e4uft nach einem Tag ab.<\/p>\r\n\r\n\r\n\r\n<div class=\"flex-1 overflow-hidden\">\r\n<div class=\"react-scroll-to-bottom--css-lolco-79elbk h-full\">\r\n<div class=\"react-scroll-to-bottom--css-lolco-1n7m0yu\">\r\n<div class=\"flex flex-col text-sm pb-9\">\r\n<div class=\"w-full text-token-text-primary\" dir=\"auto\" data-testid=\"conversation-turn-235\" data-scroll-anchor=\"true\">\r\n<div class=\"py-2 px-3 text-base md:px-4 m-auto md:px-5 lg:px-1 xl:px-5\">\r\n<div class=\"mx-auto flex flex-1 gap-3 text-base juice:gap-4 juice:md:gap-6 md:max-w-3xl\">\r\n<div class=\"relative flex w-full min-w-0 flex-col agent-turn\">\r\n<div class=\"flex-col gap-1 md:gap-3\">\r\n<div class=\"flex flex-grow flex-col max-w-full\">\r\n<div class=\"min-h-[20px] text-message flex flex-col items-start whitespace-pre-wrap break-words [.text-message+&amp;]:mt-5 juice:w-full juice:items-end overflow-x-auto gap-2\" dir=\"auto\" data-message-author-role=\"assistant\" data-message-id=\"1a1ce1cd-8c00-458f-9fbe-6a6550cbb272\">\r\n<div class=\"flex w-full flex-col gap-1 juice:first:pt-[3px]\">\r\n<div class=\"markdown prose w-full break-words dark:prose-invert light\">\r\n<p><strong>Incorporierte Inhalte von anderen Websites<\/strong><\/p>\r\n<p>Die Artikel auf dieser Website k\u00f6nnen eingebettete Inhalte enthalten (z. B. Videos, Bilder, Artikel usw.). Eingebettete Inhalte von anderen Websites verhalten sich genau so, als ob der Besucher die andere Website besucht h\u00e4tte.<\/p>\r\n<p>Diese Websites k\u00f6nnen Daten \u00fcber Sie sammeln, Cookies verwenden, zus\u00e4tzliche Tracking-Dienste von Drittanbietern einbetten und Ihre Interaktion mit diesen verfolgen, einschlie\u00dflich der Verfolgung Ihrer Interaktion mit dem eingebetteten Inhalt, wenn Sie ein Konto haben und auf diesen Websites angemeldet sind.<\/p>\r\n<p><strong>Mit wem wir Ihre Daten teilen<\/strong><\/p>\r\n<p>Wenn Sie eine Passwortr\u00fccksetzung anfordern, wird Ihre IP-Adresse in der E-Mail zur Passwortr\u00fccksetzung enthalten sein.<\/p>\r\n<p><strong>Wie lange wir Ihre Daten aufbewahren<\/strong><\/p>\r\n<p>Wenn Sie einen Kommentar hinterlassen, werden der Kommentar und die Metadaten f\u00fcr unbestimmte Zeit gespeichert. Auf diese Weise k\u00f6nnen wir Folgekommentare automatisch erkennen und genehmigen, anstatt sie in einer Moderationswarteschlange zu halten.<\/p>\r\n<p>F\u00fcr Benutzer, die sich auf unserer Website registrieren (falls vorhanden), speichern wir auch die pers\u00f6nlichen Informationen, die sie in ihrem Benutzerprofil angeben. Alle Benutzer k\u00f6nnen ihre pers\u00f6nlichen Informationen jederzeit einsehen, bearbeiten oder l\u00f6schen (mit Ausnahme ihres Benutzernamens, den sie nicht \u00e4ndern k\u00f6nnen). Website-Administratoren k\u00f6nnen diese Informationen ebenfalls einsehen und bearbeiten.<\/p>\r\n<p><strong>Welche Rechte Sie an Ihren Daten haben<\/strong><\/p>\r\n<p>Wenn Sie ein Konto auf dieser Website haben oder Kommentare hinterlassen haben, k\u00f6nnen Sie einen Export Ihrer personenbezogenen Daten bei uns anfordern, einschlie\u00dflich aller Daten, die Sie uns zur Verf\u00fcgung gestellt haben. Sie k\u00f6nnen auch verlangen, dass wir alle personenbezogenen Daten, die wir \u00fcber Sie gespeichert haben, l\u00f6schen. Dies umfasst nicht die Daten, die wir zu administrativen, rechtlichen oder sicherheitsrelevanten Zwecken aufbewahren m\u00fcssen.<\/p>\r\n<p><strong>Wohin wir Ihre Daten senden<\/strong><\/p>\r\n<p>Besucher-Kommentare k\u00f6nnen durch einen automatischen Spam-Erkennungsdienst \u00fcberpr\u00fcft werden.<\/p>\r\n<\/div>\r\n<\/div>\r\n<\/div>\r\n<\/div>\r\n<\/div>\r\n<\/div>\r\n<\/div>\r\n<\/div>\r\n<\/div>\r\n<\/div>\r\n<\/div>\r\n<\/div>\r\n<\/div>\r\n","protected":false},"excerpt":{"rendered":"<p>Wer wir sind Unsere Website-Adresse lautet: http:\/\/new.appartamentigiada.it. Kommentare Wenn Besucher Kommentare auf der Website hinterlassen, sammeln wir die Daten, die im Kommentarformular angezeigt werden, sowie die IP-Adresse des Besuchers und die Browser-Benutzer-Agent-String, um Spam zu helfen erkennen. Eine anonymisierte Zeichenfolge, [&hellip;]<\/p>\n","protected":false},"author":2,"featured_media":0,"parent":0,"menu_order":0,"comment_status":"closed","ping_status":"closed","template":"","meta":{"footnotes":""},"class_list":["post-3665","page","type-page","status-publish","hentry"],"_links":{"self":[{"href":"https:\/\/www.appartamentigiada.it\/de\/wp-json\/wp\/v2\/pages\/3665","targetHints":{"allow":["GET"]}}],"collection":[{"href":"https:\/\/www.appartamentigiada.it\/de\/wp-json\/wp\/v2\/pages"}],"about":[{"href":"https:\/\/www.appartamentigiada.it\/de\/wp-json\/wp\/v2\/types\/page"}],"author":[{"embeddable":true,"href":"https:\/\/www.appartamentigiada.it\/de\/wp-json\/wp\/v2\/users\/2"}],"replies":[{"embeddable":true,"href":"https:\/\/www.appartamentigiada.it\/de\/wp-json\/wp\/v2\/comments?post=3665"}],"version-history":[{"count":2,"href":"https:\/\/www.appartamentigiada.it\/de\/wp-json\/wp\/v2\/pages\/3665\/revisions"}],"predecessor-version":[{"id":3667,"href":"https:\/\/www.appartamentigiada.it\/de\/wp-json\/wp\/v2\/pages\/3665\/revisions\/3667"}],"wp:attachment":[{"href":"https:\/\/www.appartamentigiada.it\/de\/wp-json\/wp\/v2\/media?parent=3665"}],"curies":[{"name":"wp","href":"https:\/\/api.w.org\/{rel}","templated":true}]}}