{"id":3568,"date":"2024-05-14T17:22:07","date_gmt":"2024-05-14T15:22:07","guid":{"rendered":"https:\/\/appartamentigiada.it\/privacy-policy-3-copy\/"},"modified":"2024-05-14T17:26:09","modified_gmt":"2024-05-14T15:26:09","slug":"privacy-policy","status":"publish","type":"page","link":"https:\/\/www.appartamentigiada.it\/fr\/privacy-policy\/","title":{"rendered":"Privacy Policy"},"content":{"rendered":"\r\n<div class=\"flex-1 overflow-hidden\">\r\n<div class=\"react-scroll-to-bottom--css-idoot-79elbk h-full\">\r\n<div class=\"react-scroll-to-bottom--css-idoot-1n7m0yu\">\r\n<div class=\"flex flex-col text-sm pb-9\">\r\n<div class=\"w-full text-token-text-primary\" dir=\"auto\" data-testid=\"conversation-turn-43\" data-scroll-anchor=\"true\">\r\n<div class=\"py-2 px-3 text-base md:px-4 m-auto md:px-5 lg:px-1 xl:px-5\">\r\n<div class=\"mx-auto flex flex-1 gap-3 text-base juice:gap-4 juice:md:gap-6 md:max-w-3xl lg:max-w-[40rem] xl:max-w-[48rem]\">\r\n<div class=\"relative flex w-full min-w-0 flex-col agent-turn\">\r\n<div class=\"flex-col gap-1 md:gap-3\">\r\n<div class=\"flex flex-grow flex-col max-w-full\">\r\n<div class=\"min-h-[20px] text-message flex flex-col items-start whitespace-pre-wrap break-words [.text-message+&amp;]:mt-5 juice:w-full juice:items-end overflow-x-auto gap-3\" dir=\"auto\" data-message-author-role=\"assistant\" data-message-id=\"022b39eb-8e88-4678-8e09-298d04ac9283\">\r\n<div class=\"markdown prose w-full break-words dark:prose-invert light\">\r\n<p><strong>Qui sommes-nous<\/strong><\/p>\r\n<p>Notre adresse de site Web est : <a href=\"https:\/\/appartamentigiada.it\/\" target=\"_new\" rel=\"noreferrer noopener\">http:\/\/new.appartamentigiada.it<\/a>.<\/p>\r\n<p><strong>Commentaires<\/strong><\/p>\r\n<p>Lorsque les visiteurs laissent des commentaires sur le site, nous collectons les donn\u00e9es affich\u00e9es dans le formulaire de commentaires ainsi que l&rsquo;adresse IP du visiteur et la cha\u00eene de l&rsquo;agent utilisateur du navigateur pour aider \u00e0 la d\u00e9tection du spam.<\/p>\r\n<p>Une cha\u00eene anonymis\u00e9e cr\u00e9\u00e9e \u00e0 partir de votre adresse e-mail (\u00e9galement appel\u00e9e hash) peut \u00eatre fournie au service Gravatar pour voir si vous l&rsquo;utilisez. La politique de confidentialit\u00e9 du service Gravatar est disponible ici: <a href=\"https:\/\/automattic.com\/privacy\/\" target=\"_new\" rel=\"noreferrer noopener\">https:\/\/automattic.com\/privacy\/<\/a>. Apr\u00e8s l&rsquo;approbation de votre commentaire, votre photo de profil est visible par le public dans le contexte de votre commentaire.<\/p>\r\n<p><strong>M\u00e9dias<\/strong><\/p>\r\n<p>Si vous t\u00e9l\u00e9chargez des images sur le site Web, vous devriez \u00e9viter de t\u00e9l\u00e9charger des images incluant des donn\u00e9es de localisation (EXIF GPS). Les visiteurs du site Web peuvent t\u00e9l\u00e9charger et extraire toutes les donn\u00e9es de localisation des images sur le site Web.<\/p>\r\n<p><strong>Cookies<\/strong><\/p>\r\n<p>Si vous laissez un commentaire sur notre site, vous pouvez choisir d&rsquo;enregistrer votre nom, votre adresse e-mail et votre site Web dans des cookies. Ceux-ci sont pour votre commodit\u00e9 afin que vous n&rsquo;ayez pas \u00e0 remplir \u00e0 nouveau vos coordonn\u00e9es lorsque vous laissez un autre commentaire. Ces cookies dureront un an.<\/p>\r\n<p>Si vous visitez la page de connexion, un cookie temporaire sera configur\u00e9 pour d\u00e9terminer si votre navigateur accepte les cookies. Ce cookie ne contient pas de donn\u00e9es personnelles et est supprim\u00e9 lorsque vous fermez votre navigateur.<\/p>\r\n<p>Lorsque vous vous connectez, plusieurs cookies seront configur\u00e9s pour enregistrer vos informations de connexion et vos choix d&rsquo;affichage \u00e0 l&rsquo;\u00e9cran. Les cookies de connexion durent deux jours et les cookies d&rsquo;options d&rsquo;\u00e9cran durent un an. Si vous s\u00e9lectionnez \u00ab\u00a0Se souvenir de moi\u00a0\u00bb, votre connexion persistera pendant deux semaines. Si vous vous d\u00e9connectez de votre compte, les cookies de connexion seront effac\u00e9s.<\/p>\r\n<p>Si vous modifiez ou publiez un article, un cookie suppl\u00e9mentaire sera enregistr\u00e9 dans votre navigateur. Ce cookie ne comprend pas de donn\u00e9es personnelles, mais indique simplement l&rsquo;ID de l&rsquo;article que vous venez de modifier. Il expire apr\u00e8s 1 jour.<\/p>\r\n<\/div>\r\n<\/div>\r\n<\/div>\r\n<\/div>\r\n<\/div>\r\n<\/div>\r\n<\/div>\r\n<\/div>\r\n<\/div>\r\n<\/div>\r\n<\/div>\r\n<\/div>\r\n<div class=\"flex-1 overflow-hidden\">\r\n<div class=\"react-scroll-to-bottom--css-idoot-79elbk h-full\">\r\n<div class=\"react-scroll-to-bottom--css-idoot-1n7m0yu\">\r\n<div class=\"flex flex-col text-sm pb-9\">\r\n<div class=\"w-full text-token-text-primary\" dir=\"auto\" data-testid=\"conversation-turn-45\" data-scroll-anchor=\"true\">\r\n<div class=\"py-2 px-3 text-base md:px-4 m-auto md:px-5 lg:px-1 xl:px-5\">\r\n<div class=\"mx-auto flex flex-1 gap-3 text-base juice:gap-4 juice:md:gap-6 md:max-w-3xl lg:max-w-[40rem] xl:max-w-[48rem]\">\r\n<div class=\"relative flex w-full min-w-0 flex-col agent-turn\">\r\n<div class=\"flex-col gap-1 md:gap-3\">\r\n<div class=\"flex flex-grow flex-col max-w-full\">\r\n<div class=\"min-h-[20px] text-message flex flex-col items-start whitespace-pre-wrap break-words [.text-message+&amp;]:mt-5 juice:w-full juice:items-end overflow-x-auto gap-3\" dir=\"auto\" data-message-author-role=\"assistant\" data-message-id=\"7ba74489-0537-4754-b582-197578e39036\">\r\n<div class=\"markdown prose w-full break-words dark:prose-invert light\">\r\n<p><strong>Contenu int\u00e9gr\u00e9 provenant d&rsquo;autres sites Web<\/strong><\/p>\r\n<p>Les articles de ce site peuvent inclure du contenu int\u00e9gr\u00e9 (par exemple des vid\u00e9os, des images, des articles, etc.). Le contenu int\u00e9gr\u00e9 d&rsquo;autres sites Web se comporte exactement de la m\u00eame mani\u00e8re que si le visiteur avait visit\u00e9 l&rsquo;autre site Web.<\/p>\r\n<p>Ces sites Web peuvent collecter des donn\u00e9es vous concernant, utiliser des cookies, int\u00e9grer un suivi suppl\u00e9mentaire par des tiers et surveiller votre interaction avec ce contenu int\u00e9gr\u00e9, y compris le suivi de votre interaction avec le contenu int\u00e9gr\u00e9 si vous avez un compte et \u00eates connect\u00e9 \u00e0 ces sites Web.<\/p>\r\n<p><strong>Avec qui partageons-nous vos donn\u00e9es<\/strong><\/p>\r\n<p>Si vous demandez une r\u00e9initialisation de votre mot de passe, votre adresse IP sera incluse dans l&rsquo;e-mail de r\u00e9initialisation.<\/p>\r\n<p><strong>Combien de temps conservons-nous vos donn\u00e9es<\/strong><\/p>\r\n<p>Si vous laissez un commentaire, le commentaire et ses m\u00e9tadonn\u00e9es sont conserv\u00e9s ind\u00e9finiment. C&rsquo;est ainsi que nous pouvons reconna\u00eetre et approuver automatiquement les commentaires suivants au lieu de les conserver dans une file d&rsquo;attente de mod\u00e9ration.<\/p>\r\n<p>Pour les utilisateurs qui s&rsquo;inscrivent sur notre site Web (le cas \u00e9ch\u00e9ant), nous stockons \u00e9galement les informations personnelles qu&rsquo;ils fournissent dans leur profil d&rsquo;utilisateur. Tous les utilisateurs peuvent voir, modifier ou supprimer leurs informations personnelles \u00e0 tout moment (\u00e0 l&rsquo;exception de leur nom d&rsquo;utilisateur qu&rsquo;ils ne peuvent pas changer). Les administrateurs du site Web peuvent \u00e9galement voir et modifier ces informations.<\/p>\r\n<p><strong>Quels droits avez-vous sur vos donn\u00e9es<\/strong><\/p>\r\n<p>Si vous avez un compte sur ce site ou si vous avez laiss\u00e9 des commentaires, vous pouvez demander \u00e0 recevoir un fichier export\u00e9 du site contenant les donn\u00e9es personnelles que nous avons sur vous, y compris les donn\u00e9es que vous nous avez fournies. Vous pouvez \u00e9galement demander que nous effacions toutes les donn\u00e9es personnelles vous concernant. Cela n&rsquo;inclut pas les donn\u00e9es que nous sommes oblig\u00e9s de conserver \u00e0 des fins administratives, l\u00e9gales ou de s\u00e9curit\u00e9.<\/p>\r\n<p><strong>O\u00f9 vos donn\u00e9es sont-elles envoy\u00e9es<\/strong><\/p>\r\n<p>Les commentaires des visiteurs peuvent \u00eatre v\u00e9rifi\u00e9s via un service de d\u00e9tection automatique de spam.<\/p>\r\n<\/div>\r\n<\/div>\r\n<\/div>\r\n<\/div>\r\n<\/div>\r\n<\/div>\r\n<\/div>\r\n<\/div>\r\n<\/div>\r\n<\/div>\r\n<\/div>\r\n<\/div>\r\n","protected":false},"excerpt":{"rendered":"<p>Qui sommes-nous Notre adresse de site Web est : http:\/\/new.appartamentigiada.it. Commentaires Lorsque les visiteurs laissent des commentaires sur le site, nous collectons les donn\u00e9es affich\u00e9es dans le formulaire de commentaires ainsi que l&rsquo;adresse IP du visiteur et la cha\u00eene de [&hellip;]<\/p>\n","protected":false},"author":2,"featured_media":0,"parent":0,"menu_order":0,"comment_status":"closed","ping_status":"closed","template":"","meta":{"footnotes":""},"class_list":["post-3568","page","type-page","status-publish","hentry"],"_links":{"self":[{"href":"https:\/\/www.appartamentigiada.it\/fr\/wp-json\/wp\/v2\/pages\/3568","targetHints":{"allow":["GET"]}}],"collection":[{"href":"https:\/\/www.appartamentigiada.it\/fr\/wp-json\/wp\/v2\/pages"}],"about":[{"href":"https:\/\/www.appartamentigiada.it\/fr\/wp-json\/wp\/v2\/types\/page"}],"author":[{"embeddable":true,"href":"https:\/\/www.appartamentigiada.it\/fr\/wp-json\/wp\/v2\/users\/2"}],"replies":[{"embeddable":true,"href":"https:\/\/www.appartamentigiada.it\/fr\/wp-json\/wp\/v2\/comments?post=3568"}],"version-history":[{"count":2,"href":"https:\/\/www.appartamentigiada.it\/fr\/wp-json\/wp\/v2\/pages\/3568\/revisions"}],"predecessor-version":[{"id":3570,"href":"https:\/\/www.appartamentigiada.it\/fr\/wp-json\/wp\/v2\/pages\/3568\/revisions\/3570"}],"wp:attachment":[{"href":"https:\/\/www.appartamentigiada.it\/fr\/wp-json\/wp\/v2\/media?parent=3568"}],"curies":[{"name":"wp","href":"https:\/\/api.w.org\/{rel}","templated":true}]}}